{"id":6299,"date":"2024-07-04T13:26:47","date_gmt":"2024-07-04T17:26:47","guid":{"rendered":"https:\/\/www.robotiquesagri-innovation.com\/boutique\/rov-xl\/"},"modified":"2025-09-04T09:18:33","modified_gmt":"2025-09-04T13:18:33","slug":"rov-xl","status":"publish","type":"product","link":"https:\/\/www.robotiquesagri-innovation.com\/en\/boutique\/rov-xl\/","title":{"rendered":"ROV XL"},"content":{"rendered":"<h2>Benefits and features<\/h2>\n<ul>\n<li>Dispenses grains, supplements and minerals without human intervention.<\/li>\n<li>Configure up to 16 different recipes per day!<\/li>\n<li>Dispenses up to 6 nutritional supplements: concentrates, grains, minerals, cubes and powder.<\/li>\n<li>Low energy consumption: 12-volt battery operation.<\/li>\n<li>Runs on a suspended rail, adapting easily to almost any feed aisle.<\/li>\n<li>Improved discharge ensures even distribution of all ingredients thanks to a variable speed system. Result: even distribution along the entire feed path, whatever the ingredient!<\/li>\n<li>Robust electrical components: proven efficiency in harsh environments (dust, humidity and corrosion).<\/li>\n<li>Food-grade 304 stainless steel construction.<\/li>\n<\/ul>\n","protected":false},"excerpt":{"rendered":"<p><\/p>\n","protected":false},"featured_media":6212,"template":"","meta":{"_acf_changed":false,"site-sidebar-layout":"default","site-content-layout":"","ast-site-content-layout":"default","site-content-style":"default","site-sidebar-style":"default","ast-global-header-display":"","ast-banner-title-visibility":"","ast-main-header-display":"","ast-hfb-above-header-display":"","ast-hfb-below-header-display":"","ast-hfb-mobile-header-display":"","site-post-title":"","ast-breadcrumbs-content":"","ast-featured-img":"","footer-sml-layout":"","ast-disable-related-posts":"","theme-transparent-header-meta":"default","adv-header-id-meta":"","stick-header-meta":"","header-above-stick-meta":"","header-main-stick-meta":"","header-below-stick-meta":"","astra-migrate-meta-layouts":"default","ast-page-background-enabled":"default","ast-page-background-meta":{"desktop":{"background-color":"","background-image":"","background-repeat":"repeat","background-position":"center center","background-size":"auto","background-attachment":"scroll","background-type":"","background-media":"","overlay-type":"","overlay-color":"","overlay-opacity":"","overlay-gradient":""},"tablet":{"background-color":"","background-image":"","background-repeat":"repeat","background-position":"center center","background-size":"auto","background-attachment":"scroll","background-type":"","background-media":"","overlay-type":"","overlay-color":"","overlay-opacity":"","overlay-gradient":""},"mobile":{"background-color":"","background-image":"","background-repeat":"repeat","background-position":"center center","background-size":"auto","background-attachment":"scroll","background-type":"","background-media":"","overlay-type":"","overlay-color":"","overlay-opacity":"","overlay-gradient":""}},"ast-content-background-meta":{"desktop":{"background-color":"var(--ast-global-color-5)","background-image":"","background-repeat":"repeat","background-position":"center center","background-size":"auto","background-attachment":"scroll","background-type":"","background-media":"","overlay-type":"","overlay-color":"","overlay-opacity":"","overlay-gradient":""},"tablet":{"background-color":"var(--ast-global-color-5)","background-image":"","background-repeat":"repeat","background-position":"center center","background-size":"auto","background-attachment":"scroll","background-type":"","background-media":"","overlay-type":"","overlay-color":"","overlay-opacity":"","overlay-gradient":""},"mobile":{"background-color":"var(--ast-global-color-5)","background-image":"","background-repeat":"repeat","background-position":"center center","background-size":"auto","background-attachment":"scroll","background-type":"","background-media":"","overlay-type":"","overlay-color":"","overlay-opacity":"","overlay-gradient":""}}},"product_brand":[],"product_cat":[76],"product_tag":[118,113,142,117],"class_list":{"0":"post-6299","1":"product","2":"type-product","3":"status-publish","4":"has-post-thumbnail","6":"product_cat-feeding-robots","7":"product_tag-alimentation-en","8":"product_tag-ferme-en","9":"product_tag-rov-xl-en","10":"product_tag-rovibec-en","11":"desktop-align-left","12":"tablet-align-left","13":"mobile-align-left","15":"first","16":"instock","17":"taxable","18":"shipping-taxable","19":"product-type-simple"},"acf":[],"yoast_head":"<!-- This site is optimized with the Yoast SEO plugin v27.4 - https:\/\/yoast.com\/product\/yoast-seo-wordpress\/ -->\n<title>ROV XL - Robotiques Agri-Innovation<\/title>\n<meta name=\"description\" content=\"Discover our wide range of robotic farm equipment on our online store including : ROV XL - Visit our store!\" \/>\n<meta name=\"robots\" content=\"index, follow, max-snippet:-1, max-image-preview:large, max-video-preview:-1\" \/>\n<link rel=\"canonical\" href=\"https:\/\/www.robotiquesagri-innovation.com\/en\/boutique\/rov-xl\/\" \/>\n<meta property=\"og:locale\" content=\"en_US\" \/>\n<meta property=\"og:type\" content=\"article\" \/>\n<meta property=\"og:title\" content=\"ROV XL - Robotiques Agri-Innovation\" \/>\n<meta property=\"og:description\" content=\"Discover our wide range of robotic farm equipment on our online store including : ROV XL - Visit our store!\" \/>\n<meta property=\"og:url\" content=\"https:\/\/www.robotiquesagri-innovation.com\/en\/boutique\/rov-xl\/\" \/>\n<meta property=\"og:site_name\" content=\"Robotiques Agri-Innovation\" \/>\n<meta property=\"article:modified_time\" content=\"2025-09-04T13:18:33+00:00\" \/>\n<meta property=\"og:image\" content=\"https:\/\/www.robotiquesagri-innovation.com\/wp-content\/uploads\/2022\/03\/Logo-Agr-Innovation.jpg\" \/>\n\t<meta property=\"og:image:width\" content=\"1200\" \/>\n\t<meta property=\"og:image:height\" content=\"630\" \/>\n\t<meta property=\"og:image:type\" content=\"image\/jpeg\" \/>\n<meta name=\"twitter:card\" content=\"summary_large_image\" \/>\n<script type=\"application\/ld+json\" class=\"yoast-schema-graph\">{\"@context\":\"https:\\\/\\\/schema.org\",\"@graph\":[{\"@type\":\"WebPage\",\"@id\":\"https:\\\/\\\/www.robotiquesagri-innovation.com\\\/en\\\/boutique\\\/rov-xl\\\/\",\"url\":\"https:\\\/\\\/www.robotiquesagri-innovation.com\\\/en\\\/boutique\\\/rov-xl\\\/\",\"name\":\"ROV XL - Robotiques Agri-Innovation\",\"isPartOf\":{\"@id\":\"https:\\\/\\\/www.robotiquesagri-innovation.com\\\/en\\\/#website\"},\"primaryImageOfPage\":{\"@id\":\"https:\\\/\\\/www.robotiquesagri-innovation.com\\\/en\\\/boutique\\\/rov-xl\\\/#primaryimage\"},\"image\":{\"@id\":\"https:\\\/\\\/www.robotiquesagri-innovation.com\\\/en\\\/boutique\\\/rov-xl\\\/#primaryimage\"},\"thumbnailUrl\":\"https:\\\/\\\/www.robotiquesagri-innovation.com\\\/wp-content\\\/uploads\\\/2024\\\/07\\\/ROV_Ferme-Fiset_St-Augustin_oct2023.jpg\",\"datePublished\":\"2024-07-04T17:26:47+00:00\",\"dateModified\":\"2025-09-04T13:18:33+00:00\",\"description\":\"Discover our wide range of robotic farm equipment on our online store including : ROV XL - Visit our store!\",\"breadcrumb\":{\"@id\":\"https:\\\/\\\/www.robotiquesagri-innovation.com\\\/en\\\/boutique\\\/rov-xl\\\/#breadcrumb\"},\"inLanguage\":\"en-US\",\"potentialAction\":[{\"@type\":\"ReadAction\",\"target\":[\"https:\\\/\\\/www.robotiquesagri-innovation.com\\\/en\\\/boutique\\\/rov-xl\\\/\"]}]},{\"@type\":\"ImageObject\",\"inLanguage\":\"en-US\",\"@id\":\"https:\\\/\\\/www.robotiquesagri-innovation.com\\\/en\\\/boutique\\\/rov-xl\\\/#primaryimage\",\"url\":\"https:\\\/\\\/www.robotiquesagri-innovation.com\\\/wp-content\\\/uploads\\\/2024\\\/07\\\/ROV_Ferme-Fiset_St-Augustin_oct2023.jpg\",\"contentUrl\":\"https:\\\/\\\/www.robotiquesagri-innovation.com\\\/wp-content\\\/uploads\\\/2024\\\/07\\\/ROV_Ferme-Fiset_St-Augustin_oct2023.jpg\",\"width\":810,\"height\":1080},{\"@type\":\"BreadcrumbList\",\"@id\":\"https:\\\/\\\/www.robotiquesagri-innovation.com\\\/en\\\/boutique\\\/rov-xl\\\/#breadcrumb\",\"itemListElement\":[{\"@type\":\"ListItem\",\"position\":1,\"name\":\"Accueil\",\"item\":\"https:\\\/\\\/www.robotiquesagri-innovation.com\\\/en\\\/\"},{\"@type\":\"ListItem\",\"position\":2,\"name\":\"Shop\",\"item\":\"https:\\\/\\\/www.robotiquesagri-innovation.com\\\/en\\\/shop\\\/\"},{\"@type\":\"ListItem\",\"position\":3,\"name\":\"ROV XL\"}]},{\"@type\":\"WebSite\",\"@id\":\"https:\\\/\\\/www.robotiquesagri-innovation.com\\\/en\\\/#website\",\"url\":\"https:\\\/\\\/www.robotiquesagri-innovation.com\\\/en\\\/\",\"name\":\"Robotiques Agri-Innovation\",\"description\":\"Vente, entretien et r\u00e9paration d&#039;\u00e9quipement de ferme robotis\u00e9\",\"publisher\":{\"@id\":\"https:\\\/\\\/www.robotiquesagri-innovation.com\\\/en\\\/#organization\"},\"potentialAction\":[{\"@type\":\"SearchAction\",\"target\":{\"@type\":\"EntryPoint\",\"urlTemplate\":\"https:\\\/\\\/www.robotiquesagri-innovation.com\\\/en\\\/?s={search_term_string}\"},\"query-input\":{\"@type\":\"PropertyValueSpecification\",\"valueRequired\":true,\"valueName\":\"search_term_string\"}}],\"inLanguage\":\"en-US\"},{\"@type\":\"Organization\",\"@id\":\"https:\\\/\\\/www.robotiquesagri-innovation.com\\\/en\\\/#organization\",\"name\":\"Robotiques Agri-Innovation\",\"url\":\"https:\\\/\\\/www.robotiquesagri-innovation.com\\\/en\\\/\",\"logo\":{\"@type\":\"ImageObject\",\"inLanguage\":\"en-US\",\"@id\":\"https:\\\/\\\/www.robotiquesagri-innovation.com\\\/en\\\/#\\\/schema\\\/logo\\\/image\\\/\",\"url\":\"https:\\\/\\\/www.robotiquesagri-innovation.com\\\/wp-content\\\/uploads\\\/2022\\\/02\\\/robotiques_Logo.png\",\"contentUrl\":\"https:\\\/\\\/www.robotiquesagri-innovation.com\\\/wp-content\\\/uploads\\\/2022\\\/02\\\/robotiques_Logo.png\",\"width\":1443,\"height\":1608,\"caption\":\"Robotiques Agri-Innovation\"},\"image\":{\"@id\":\"https:\\\/\\\/www.robotiquesagri-innovation.com\\\/en\\\/#\\\/schema\\\/logo\\\/image\\\/\"}}]}<\/script>\n<!-- \/ Yoast SEO plugin. -->","yoast_head_json":{"title":"ROV XL - Robotiques Agri-Innovation","description":"Discover our wide range of robotic farm equipment on our online store including : ROV XL - Visit our store!","robots":{"index":"index","follow":"follow","max-snippet":"max-snippet:-1","max-image-preview":"max-image-preview:large","max-video-preview":"max-video-preview:-1"},"canonical":"https:\/\/www.robotiquesagri-innovation.com\/en\/boutique\/rov-xl\/","og_locale":"en_US","og_type":"article","og_title":"ROV XL - Robotiques Agri-Innovation","og_description":"Discover our wide range of robotic farm equipment on our online store including : ROV XL - Visit our store!","og_url":"https:\/\/www.robotiquesagri-innovation.com\/en\/boutique\/rov-xl\/","og_site_name":"Robotiques Agri-Innovation","article_modified_time":"2025-09-04T13:18:33+00:00","og_image":[{"width":1200,"height":630,"url":"https:\/\/www.robotiquesagri-innovation.com\/wp-content\/uploads\/2022\/03\/Logo-Agr-Innovation.jpg","type":"image\/jpeg"}],"twitter_card":"summary_large_image","schema":{"@context":"https:\/\/schema.org","@graph":[{"@type":"WebPage","@id":"https:\/\/www.robotiquesagri-innovation.com\/en\/boutique\/rov-xl\/","url":"https:\/\/www.robotiquesagri-innovation.com\/en\/boutique\/rov-xl\/","name":"ROV XL - Robotiques Agri-Innovation","isPartOf":{"@id":"https:\/\/www.robotiquesagri-innovation.com\/en\/#website"},"primaryImageOfPage":{"@id":"https:\/\/www.robotiquesagri-innovation.com\/en\/boutique\/rov-xl\/#primaryimage"},"image":{"@id":"https:\/\/www.robotiquesagri-innovation.com\/en\/boutique\/rov-xl\/#primaryimage"},"thumbnailUrl":"https:\/\/www.robotiquesagri-innovation.com\/wp-content\/uploads\/2024\/07\/ROV_Ferme-Fiset_St-Augustin_oct2023.jpg","datePublished":"2024-07-04T17:26:47+00:00","dateModified":"2025-09-04T13:18:33+00:00","description":"Discover our wide range of robotic farm equipment on our online store including : ROV XL - Visit our store!","breadcrumb":{"@id":"https:\/\/www.robotiquesagri-innovation.com\/en\/boutique\/rov-xl\/#breadcrumb"},"inLanguage":"en-US","potentialAction":[{"@type":"ReadAction","target":["https:\/\/www.robotiquesagri-innovation.com\/en\/boutique\/rov-xl\/"]}]},{"@type":"ImageObject","inLanguage":"en-US","@id":"https:\/\/www.robotiquesagri-innovation.com\/en\/boutique\/rov-xl\/#primaryimage","url":"https:\/\/www.robotiquesagri-innovation.com\/wp-content\/uploads\/2024\/07\/ROV_Ferme-Fiset_St-Augustin_oct2023.jpg","contentUrl":"https:\/\/www.robotiquesagri-innovation.com\/wp-content\/uploads\/2024\/07\/ROV_Ferme-Fiset_St-Augustin_oct2023.jpg","width":810,"height":1080},{"@type":"BreadcrumbList","@id":"https:\/\/www.robotiquesagri-innovation.com\/en\/boutique\/rov-xl\/#breadcrumb","itemListElement":[{"@type":"ListItem","position":1,"name":"Accueil","item":"https:\/\/www.robotiquesagri-innovation.com\/en\/"},{"@type":"ListItem","position":2,"name":"Shop","item":"https:\/\/www.robotiquesagri-innovation.com\/en\/shop\/"},{"@type":"ListItem","position":3,"name":"ROV XL"}]},{"@type":"WebSite","@id":"https:\/\/www.robotiquesagri-innovation.com\/en\/#website","url":"https:\/\/www.robotiquesagri-innovation.com\/en\/","name":"Robotiques Agri-Innovation","description":"Vente, entretien et r\u00e9paration d&#039;\u00e9quipement de ferme robotis\u00e9","publisher":{"@id":"https:\/\/www.robotiquesagri-innovation.com\/en\/#organization"},"potentialAction":[{"@type":"SearchAction","target":{"@type":"EntryPoint","urlTemplate":"https:\/\/www.robotiquesagri-innovation.com\/en\/?s={search_term_string}"},"query-input":{"@type":"PropertyValueSpecification","valueRequired":true,"valueName":"search_term_string"}}],"inLanguage":"en-US"},{"@type":"Organization","@id":"https:\/\/www.robotiquesagri-innovation.com\/en\/#organization","name":"Robotiques Agri-Innovation","url":"https:\/\/www.robotiquesagri-innovation.com\/en\/","logo":{"@type":"ImageObject","inLanguage":"en-US","@id":"https:\/\/www.robotiquesagri-innovation.com\/en\/#\/schema\/logo\/image\/","url":"https:\/\/www.robotiquesagri-innovation.com\/wp-content\/uploads\/2022\/02\/robotiques_Logo.png","contentUrl":"https:\/\/www.robotiquesagri-innovation.com\/wp-content\/uploads\/2022\/02\/robotiques_Logo.png","width":1443,"height":1608,"caption":"Robotiques Agri-Innovation"},"image":{"@id":"https:\/\/www.robotiquesagri-innovation.com\/en\/#\/schema\/logo\/image\/"}}]}},"_links":{"self":[{"href":"https:\/\/www.robotiquesagri-innovation.com\/en\/wp-json\/wp\/v2\/product\/6299","targetHints":{"allow":["GET"]}}],"collection":[{"href":"https:\/\/www.robotiquesagri-innovation.com\/en\/wp-json\/wp\/v2\/product"}],"about":[{"href":"https:\/\/www.robotiquesagri-innovation.com\/en\/wp-json\/wp\/v2\/types\/product"}],"wp:featuredmedia":[{"embeddable":true,"href":"https:\/\/www.robotiquesagri-innovation.com\/en\/wp-json\/wp\/v2\/media\/6212"}],"wp:attachment":[{"href":"https:\/\/www.robotiquesagri-innovation.com\/en\/wp-json\/wp\/v2\/media?parent=6299"}],"wp:term":[{"taxonomy":"product_brand","embeddable":true,"href":"https:\/\/www.robotiquesagri-innovation.com\/en\/wp-json\/wp\/v2\/product_brand?post=6299"},{"taxonomy":"product_cat","embeddable":true,"href":"https:\/\/www.robotiquesagri-innovation.com\/en\/wp-json\/wp\/v2\/product_cat?post=6299"},{"taxonomy":"product_tag","embeddable":true,"href":"https:\/\/www.robotiquesagri-innovation.com\/en\/wp-json\/wp\/v2\/product_tag?post=6299"}],"curies":[{"name":"wp","href":"https:\/\/api.w.org\/{rel}","templated":true}]}}