{"id":6292,"date":"2024-06-28T11:11:05","date_gmt":"2024-06-28T15:11:05","guid":{"rendered":"https:\/\/www.robotiquesagri-innovation.com\/boutique\/cow-brush\/"},"modified":"2024-07-04T16:00:17","modified_gmt":"2024-07-04T20:00:17","slug":"cow-brush","status":"publish","type":"product","link":"https:\/\/www.robotiquesagri-innovation.com\/en\/boutique\/cow-brush\/","title":{"rendered":"Cow brush"},"content":{"rendered":"<h2>DESCRIPTIVE<\/h2>\n<p>The cow brush is designed to increase your animals&#8217; comfort, health and milk production.<\/p>\n<h4>WHY USE A COW BRUSH?<\/h4>\n<p>Here are 4 good reasons to install a brush for your animals:<\/p>\n<ul>\n<li>Improves blood circulation<\/li>\n<li>Soothes animals<\/li>\n<li>Removes perspiration from the skin<\/li>\n<li>Increases feed intake<\/li>\n<li>This brush is suitable for 40 to 50 animals.<\/li>\n<\/ul>\n<h4>OTHER BENEFITS?<\/h4>\n<p>This cow brush is made from hot-dip galvanized steel and is designed for easy cleaning.<\/p>\n<ul>\n<li>Quick and easy installation<\/li>\n<li>Automatic ON\/OFF system<\/li>\n<li>Low energy consumption<\/li>\n<li>360-degree operation<\/li>\n<li>Anti-lock system: the motor stops and starts again in the opposite direction.<\/li>\n<\/ul>\n<p>Indoors or outdoors*, your cows will love it!<\/p>\n<p>*Outdoor use only, protected from the elements.<\/p>\n","protected":false},"excerpt":{"rendered":"<p><br data-mce-bogus=\"1\"><\/p>\n","protected":false},"featured_media":6194,"template":"","meta":{"_acf_changed":false,"site-sidebar-layout":"default","site-content-layout":"","ast-site-content-layout":"default","site-content-style":"default","site-sidebar-style":"default","ast-global-header-display":"","ast-banner-title-visibility":"","ast-main-header-display":"","ast-hfb-above-header-display":"","ast-hfb-below-header-display":"","ast-hfb-mobile-header-display":"","site-post-title":"","ast-breadcrumbs-content":"","ast-featured-img":"","footer-sml-layout":"","ast-disable-related-posts":"","theme-transparent-header-meta":"default","adv-header-id-meta":"","stick-header-meta":"","header-above-stick-meta":"","header-main-stick-meta":"","header-below-stick-meta":"","astra-migrate-meta-layouts":"default","ast-page-background-enabled":"default","ast-page-background-meta":{"desktop":{"background-color":"","background-image":"","background-repeat":"repeat","background-position":"center center","background-size":"auto","background-attachment":"scroll","background-type":"","background-media":"","overlay-type":"","overlay-color":"","overlay-opacity":"","overlay-gradient":""},"tablet":{"background-color":"","background-image":"","background-repeat":"repeat","background-position":"center center","background-size":"auto","background-attachment":"scroll","background-type":"","background-media":"","overlay-type":"","overlay-color":"","overlay-opacity":"","overlay-gradient":""},"mobile":{"background-color":"","background-image":"","background-repeat":"repeat","background-position":"center center","background-size":"auto","background-attachment":"scroll","background-type":"","background-media":"","overlay-type":"","overlay-color":"","overlay-opacity":"","overlay-gradient":""}},"ast-content-background-meta":{"desktop":{"background-color":"var(--ast-global-color-5)","background-image":"","background-repeat":"repeat","background-position":"center center","background-size":"auto","background-attachment":"scroll","background-type":"","background-media":"","overlay-type":"","overlay-color":"","overlay-opacity":"","overlay-gradient":""},"tablet":{"background-color":"var(--ast-global-color-5)","background-image":"","background-repeat":"repeat","background-position":"center center","background-size":"auto","background-attachment":"scroll","background-type":"","background-media":"","overlay-type":"","overlay-color":"","overlay-opacity":"","overlay-gradient":""},"mobile":{"background-color":"var(--ast-global-color-5)","background-image":"","background-repeat":"repeat","background-position":"center center","background-size":"auto","background-attachment":"scroll","background-type":"","background-media":"","overlay-type":"","overlay-color":"","overlay-opacity":"","overlay-gradient":""}}},"product_brand":[],"product_cat":[105],"product_tag":[108,106,104,107],"class_list":{"0":"post-6292","1":"product","2":"type-product","3":"status-publish","4":"has-post-thumbnail","6":"product_cat-accessoires-en","7":"product_tag-accessoires-pour-ferme-en","8":"product_tag-agriculture-en","9":"product_tag-brosse-a-vache-en","10":"product_tag-vache-en","11":"desktop-align-left","12":"tablet-align-left","13":"mobile-align-left","15":"first","16":"instock","17":"taxable","18":"shipping-taxable","19":"product-type-simple"},"acf":[],"yoast_head":"<!-- This site is optimized with the Yoast SEO plugin v27.4 - https:\/\/yoast.com\/product\/yoast-seo-wordpress\/ -->\n<title>Cow brush - Robotiques Agri-Innovation<\/title>\n<meta name=\"description\" content=\"Discover our wide range of robotic farm equipment on our online store including : Cow brush - Visit our store!\" \/>\n<meta name=\"robots\" content=\"index, follow, max-snippet:-1, max-image-preview:large, max-video-preview:-1\" \/>\n<link rel=\"canonical\" href=\"https:\/\/www.robotiquesagri-innovation.com\/en\/boutique\/cow-brush\/\" \/>\n<meta property=\"og:locale\" content=\"en_US\" \/>\n<meta property=\"og:type\" content=\"article\" \/>\n<meta property=\"og:title\" content=\"Cow brush - Robotiques Agri-Innovation\" \/>\n<meta property=\"og:description\" content=\"Discover our wide range of robotic farm equipment on our online store including : Cow brush - Visit our store!\" \/>\n<meta property=\"og:url\" content=\"https:\/\/www.robotiquesagri-innovation.com\/en\/boutique\/cow-brush\/\" \/>\n<meta property=\"og:site_name\" content=\"Robotiques Agri-Innovation\" \/>\n<meta property=\"article:modified_time\" content=\"2024-07-04T20:00:17+00:00\" \/>\n<meta property=\"og:image\" content=\"https:\/\/www.robotiquesagri-innovation.com\/wp-content\/uploads\/2022\/03\/Logo-Agr-Innovation.jpg\" \/>\n\t<meta property=\"og:image:width\" content=\"1200\" \/>\n\t<meta property=\"og:image:height\" content=\"630\" \/>\n\t<meta property=\"og:image:type\" content=\"image\/jpeg\" \/>\n<meta name=\"twitter:card\" content=\"summary_large_image\" \/>\n<meta name=\"twitter:label1\" content=\"Est. reading time\" \/>\n\t<meta name=\"twitter:data1\" content=\"1 minute\" \/>\n<script type=\"application\/ld+json\" class=\"yoast-schema-graph\">{\"@context\":\"https:\\\/\\\/schema.org\",\"@graph\":[{\"@type\":\"WebPage\",\"@id\":\"https:\\\/\\\/www.robotiquesagri-innovation.com\\\/en\\\/boutique\\\/cow-brush\\\/\",\"url\":\"https:\\\/\\\/www.robotiquesagri-innovation.com\\\/en\\\/boutique\\\/cow-brush\\\/\",\"name\":\"Cow brush - Robotiques Agri-Innovation\",\"isPartOf\":{\"@id\":\"https:\\\/\\\/www.robotiquesagri-innovation.com\\\/en\\\/#website\"},\"primaryImageOfPage\":{\"@id\":\"https:\\\/\\\/www.robotiquesagri-innovation.com\\\/en\\\/boutique\\\/cow-brush\\\/#primaryimage\"},\"image\":{\"@id\":\"https:\\\/\\\/www.robotiquesagri-innovation.com\\\/en\\\/boutique\\\/cow-brush\\\/#primaryimage\"},\"thumbnailUrl\":\"https:\\\/\\\/www.robotiquesagri-innovation.com\\\/wp-content\\\/uploads\\\/2024\\\/06\\\/Brosse-a-vache.jpg\",\"datePublished\":\"2024-06-28T15:11:05+00:00\",\"dateModified\":\"2024-07-04T20:00:17+00:00\",\"description\":\"Discover our wide range of robotic farm equipment on our online store including : Cow brush - Visit our store!\",\"breadcrumb\":{\"@id\":\"https:\\\/\\\/www.robotiquesagri-innovation.com\\\/en\\\/boutique\\\/cow-brush\\\/#breadcrumb\"},\"inLanguage\":\"en-US\",\"potentialAction\":[{\"@type\":\"ReadAction\",\"target\":[\"https:\\\/\\\/www.robotiquesagri-innovation.com\\\/en\\\/boutique\\\/cow-brush\\\/\"]}]},{\"@type\":\"ImageObject\",\"inLanguage\":\"en-US\",\"@id\":\"https:\\\/\\\/www.robotiquesagri-innovation.com\\\/en\\\/boutique\\\/cow-brush\\\/#primaryimage\",\"url\":\"https:\\\/\\\/www.robotiquesagri-innovation.com\\\/wp-content\\\/uploads\\\/2024\\\/06\\\/Brosse-a-vache.jpg\",\"contentUrl\":\"https:\\\/\\\/www.robotiquesagri-innovation.com\\\/wp-content\\\/uploads\\\/2024\\\/06\\\/Brosse-a-vache.jpg\",\"width\":1440,\"height\":1080},{\"@type\":\"BreadcrumbList\",\"@id\":\"https:\\\/\\\/www.robotiquesagri-innovation.com\\\/en\\\/boutique\\\/cow-brush\\\/#breadcrumb\",\"itemListElement\":[{\"@type\":\"ListItem\",\"position\":1,\"name\":\"Accueil\",\"item\":\"https:\\\/\\\/www.robotiquesagri-innovation.com\\\/en\\\/\"},{\"@type\":\"ListItem\",\"position\":2,\"name\":\"Shop\",\"item\":\"https:\\\/\\\/www.robotiquesagri-innovation.com\\\/en\\\/shop\\\/\"},{\"@type\":\"ListItem\",\"position\":3,\"name\":\"Cow brush\"}]},{\"@type\":\"WebSite\",\"@id\":\"https:\\\/\\\/www.robotiquesagri-innovation.com\\\/en\\\/#website\",\"url\":\"https:\\\/\\\/www.robotiquesagri-innovation.com\\\/en\\\/\",\"name\":\"Robotiques Agri-Innovation\",\"description\":\"Vente, entretien et r\u00e9paration d&#039;\u00e9quipement de ferme robotis\u00e9\",\"publisher\":{\"@id\":\"https:\\\/\\\/www.robotiquesagri-innovation.com\\\/en\\\/#organization\"},\"potentialAction\":[{\"@type\":\"SearchAction\",\"target\":{\"@type\":\"EntryPoint\",\"urlTemplate\":\"https:\\\/\\\/www.robotiquesagri-innovation.com\\\/en\\\/?s={search_term_string}\"},\"query-input\":{\"@type\":\"PropertyValueSpecification\",\"valueRequired\":true,\"valueName\":\"search_term_string\"}}],\"inLanguage\":\"en-US\"},{\"@type\":\"Organization\",\"@id\":\"https:\\\/\\\/www.robotiquesagri-innovation.com\\\/en\\\/#organization\",\"name\":\"Robotiques Agri-Innovation\",\"url\":\"https:\\\/\\\/www.robotiquesagri-innovation.com\\\/en\\\/\",\"logo\":{\"@type\":\"ImageObject\",\"inLanguage\":\"en-US\",\"@id\":\"https:\\\/\\\/www.robotiquesagri-innovation.com\\\/en\\\/#\\\/schema\\\/logo\\\/image\\\/\",\"url\":\"https:\\\/\\\/www.robotiquesagri-innovation.com\\\/wp-content\\\/uploads\\\/2022\\\/02\\\/robotiques_Logo.png\",\"contentUrl\":\"https:\\\/\\\/www.robotiquesagri-innovation.com\\\/wp-content\\\/uploads\\\/2022\\\/02\\\/robotiques_Logo.png\",\"width\":1443,\"height\":1608,\"caption\":\"Robotiques Agri-Innovation\"},\"image\":{\"@id\":\"https:\\\/\\\/www.robotiquesagri-innovation.com\\\/en\\\/#\\\/schema\\\/logo\\\/image\\\/\"}}]}<\/script>\n<!-- \/ Yoast SEO plugin. -->","yoast_head_json":{"title":"Cow brush - Robotiques Agri-Innovation","description":"Discover our wide range of robotic farm equipment on our online store including : Cow brush - Visit our store!","robots":{"index":"index","follow":"follow","max-snippet":"max-snippet:-1","max-image-preview":"max-image-preview:large","max-video-preview":"max-video-preview:-1"},"canonical":"https:\/\/www.robotiquesagri-innovation.com\/en\/boutique\/cow-brush\/","og_locale":"en_US","og_type":"article","og_title":"Cow brush - Robotiques Agri-Innovation","og_description":"Discover our wide range of robotic farm equipment on our online store including : Cow brush - Visit our store!","og_url":"https:\/\/www.robotiquesagri-innovation.com\/en\/boutique\/cow-brush\/","og_site_name":"Robotiques Agri-Innovation","article_modified_time":"2024-07-04T20:00:17+00:00","og_image":[{"width":1200,"height":630,"url":"https:\/\/www.robotiquesagri-innovation.com\/wp-content\/uploads\/2022\/03\/Logo-Agr-Innovation.jpg","type":"image\/jpeg"}],"twitter_card":"summary_large_image","twitter_misc":{"Est. reading time":"1 minute"},"schema":{"@context":"https:\/\/schema.org","@graph":[{"@type":"WebPage","@id":"https:\/\/www.robotiquesagri-innovation.com\/en\/boutique\/cow-brush\/","url":"https:\/\/www.robotiquesagri-innovation.com\/en\/boutique\/cow-brush\/","name":"Cow brush - Robotiques Agri-Innovation","isPartOf":{"@id":"https:\/\/www.robotiquesagri-innovation.com\/en\/#website"},"primaryImageOfPage":{"@id":"https:\/\/www.robotiquesagri-innovation.com\/en\/boutique\/cow-brush\/#primaryimage"},"image":{"@id":"https:\/\/www.robotiquesagri-innovation.com\/en\/boutique\/cow-brush\/#primaryimage"},"thumbnailUrl":"https:\/\/www.robotiquesagri-innovation.com\/wp-content\/uploads\/2024\/06\/Brosse-a-vache.jpg","datePublished":"2024-06-28T15:11:05+00:00","dateModified":"2024-07-04T20:00:17+00:00","description":"Discover our wide range of robotic farm equipment on our online store including : Cow brush - Visit our store!","breadcrumb":{"@id":"https:\/\/www.robotiquesagri-innovation.com\/en\/boutique\/cow-brush\/#breadcrumb"},"inLanguage":"en-US","potentialAction":[{"@type":"ReadAction","target":["https:\/\/www.robotiquesagri-innovation.com\/en\/boutique\/cow-brush\/"]}]},{"@type":"ImageObject","inLanguage":"en-US","@id":"https:\/\/www.robotiquesagri-innovation.com\/en\/boutique\/cow-brush\/#primaryimage","url":"https:\/\/www.robotiquesagri-innovation.com\/wp-content\/uploads\/2024\/06\/Brosse-a-vache.jpg","contentUrl":"https:\/\/www.robotiquesagri-innovation.com\/wp-content\/uploads\/2024\/06\/Brosse-a-vache.jpg","width":1440,"height":1080},{"@type":"BreadcrumbList","@id":"https:\/\/www.robotiquesagri-innovation.com\/en\/boutique\/cow-brush\/#breadcrumb","itemListElement":[{"@type":"ListItem","position":1,"name":"Accueil","item":"https:\/\/www.robotiquesagri-innovation.com\/en\/"},{"@type":"ListItem","position":2,"name":"Shop","item":"https:\/\/www.robotiquesagri-innovation.com\/en\/shop\/"},{"@type":"ListItem","position":3,"name":"Cow brush"}]},{"@type":"WebSite","@id":"https:\/\/www.robotiquesagri-innovation.com\/en\/#website","url":"https:\/\/www.robotiquesagri-innovation.com\/en\/","name":"Robotiques Agri-Innovation","description":"Vente, entretien et r\u00e9paration d&#039;\u00e9quipement de ferme robotis\u00e9","publisher":{"@id":"https:\/\/www.robotiquesagri-innovation.com\/en\/#organization"},"potentialAction":[{"@type":"SearchAction","target":{"@type":"EntryPoint","urlTemplate":"https:\/\/www.robotiquesagri-innovation.com\/en\/?s={search_term_string}"},"query-input":{"@type":"PropertyValueSpecification","valueRequired":true,"valueName":"search_term_string"}}],"inLanguage":"en-US"},{"@type":"Organization","@id":"https:\/\/www.robotiquesagri-innovation.com\/en\/#organization","name":"Robotiques Agri-Innovation","url":"https:\/\/www.robotiquesagri-innovation.com\/en\/","logo":{"@type":"ImageObject","inLanguage":"en-US","@id":"https:\/\/www.robotiquesagri-innovation.com\/en\/#\/schema\/logo\/image\/","url":"https:\/\/www.robotiquesagri-innovation.com\/wp-content\/uploads\/2022\/02\/robotiques_Logo.png","contentUrl":"https:\/\/www.robotiquesagri-innovation.com\/wp-content\/uploads\/2022\/02\/robotiques_Logo.png","width":1443,"height":1608,"caption":"Robotiques Agri-Innovation"},"image":{"@id":"https:\/\/www.robotiquesagri-innovation.com\/en\/#\/schema\/logo\/image\/"}}]}},"_links":{"self":[{"href":"https:\/\/www.robotiquesagri-innovation.com\/en\/wp-json\/wp\/v2\/product\/6292","targetHints":{"allow":["GET"]}}],"collection":[{"href":"https:\/\/www.robotiquesagri-innovation.com\/en\/wp-json\/wp\/v2\/product"}],"about":[{"href":"https:\/\/www.robotiquesagri-innovation.com\/en\/wp-json\/wp\/v2\/types\/product"}],"wp:featuredmedia":[{"embeddable":true,"href":"https:\/\/www.robotiquesagri-innovation.com\/en\/wp-json\/wp\/v2\/media\/6194"}],"wp:attachment":[{"href":"https:\/\/www.robotiquesagri-innovation.com\/en\/wp-json\/wp\/v2\/media?parent=6292"}],"wp:term":[{"taxonomy":"product_brand","embeddable":true,"href":"https:\/\/www.robotiquesagri-innovation.com\/en\/wp-json\/wp\/v2\/product_brand?post=6292"},{"taxonomy":"product_cat","embeddable":true,"href":"https:\/\/www.robotiquesagri-innovation.com\/en\/wp-json\/wp\/v2\/product_cat?post=6292"},{"taxonomy":"product_tag","embeddable":true,"href":"https:\/\/www.robotiquesagri-innovation.com\/en\/wp-json\/wp\/v2\/product_tag?post=6292"}],"curies":[{"name":"wp","href":"https:\/\/api.w.org\/{rel}","templated":true}]}}