{"id":5585,"date":"2022-02-03T15:11:59","date_gmt":"2022-02-03T20:11:59","guid":{"rendered":"https:\/\/www.robotiquesagri-innovation.com\/our-services\/"},"modified":"2022-02-25T15:07:16","modified_gmt":"2022-02-25T20:07:16","slug":"our-services","status":"publish","type":"page","link":"https:\/\/www.robotiquesagri-innovation.com\/en\/our-services\/","title":{"rendered":"Our services"},"content":{"rendered":"\t\t<div data-elementor-type=\"wp-page\" data-elementor-id=\"5585\" class=\"elementor elementor-5585 elementor-4889\" data-elementor-post-type=\"page\">\n\t\t\t\t\t\t<section class=\"elementor-section elementor-top-section elementor-element elementor-element-5bea75e elementor-section-full_width elementor-section-height-min-height elementor-section-items-stretch elementor-section-height-default\" data-id=\"5bea75e\" data-element_type=\"section\" data-e-type=\"section\" data-settings=\"{&quot;background_background&quot;:&quot;classic&quot;}\">\n\t\t\t\t\t\t\t<div class=\"elementor-background-overlay\"><\/div>\n\t\t\t\t\t\t\t<div class=\"elementor-container elementor-column-gap-default\">\n\t\t\t\t\t<div class=\"elementor-column elementor-col-100 elementor-top-column elementor-element elementor-element-3704bf7\" data-id=\"3704bf7\" data-element_type=\"column\" data-e-type=\"column\">\n\t\t\t<div class=\"elementor-widget-wrap elementor-element-populated\">\n\t\t\t\t\t\t\t<\/div>\n\t\t<\/div>\n\t\t\t\t\t<\/div>\n\t\t<\/section>\n\t\t\t\t<section class=\"elementor-section elementor-top-section elementor-element elementor-element-e3aca33 elementor-section-full_width elementor-reverse-tablet elementor-reverse-mobile elementor-section-height-default elementor-section-height-default\" data-id=\"e3aca33\" data-element_type=\"section\" data-e-type=\"section\">\n\t\t\t\t\t\t<div class=\"elementor-container elementor-column-gap-default\">\n\t\t\t\t\t<div class=\"elementor-column elementor-col-50 elementor-top-column elementor-element elementor-element-6d94ffb\" data-id=\"6d94ffb\" data-element_type=\"column\" data-e-type=\"column\">\n\t\t\t<div class=\"elementor-widget-wrap elementor-element-populated\">\n\t\t\t\t\t\t<div class=\"elementor-element elementor-element-eea63cd elementor-widget elementor-widget-heading\" data-id=\"eea63cd\" data-element_type=\"widget\" data-e-type=\"widget\" data-widget_type=\"heading.default\">\n\t\t\t\t<div class=\"elementor-widget-container\">\n\t\t\t\t\t<h3 class=\"elementor-heading-title elementor-size-default\">Services<\/h3>\t\t\t\t<\/div>\n\t\t\t\t<\/div>\n\t\t\t\t<div class=\"elementor-element elementor-element-a6d1e34 elementor-widget elementor-widget-text-editor\" data-id=\"a6d1e34\" data-element_type=\"widget\" data-e-type=\"widget\" data-widget_type=\"text-editor.default\">\n\t\t\t\t<div class=\"elementor-widget-container\">\n\t\t\t\t\t\t\t\t\t<p>In addition to the sale of these CSA certified products, our qualified staff handles the <strong>installation<\/strong>, <strong>maintenance<\/strong>, and <strong>repair<\/strong> of feeding robots, milking robots, transportation robots, and cleaning robots for robotic farms in Quebec and Ontario.<\/p><p><strong>The value of agriculture is not open to debate &#8230; neither is that of our expertise!<\/strong><\/p>\t\t\t\t\t\t\t\t<\/div>\n\t\t\t\t<\/div>\n\t\t\t\t<div class=\"elementor-element elementor-element-c1cf9e9 elementor-widget elementor-widget-heading\" data-id=\"c1cf9e9\" data-element_type=\"widget\" data-e-type=\"widget\" data-widget_type=\"heading.default\">\n\t\t\t\t<div class=\"elementor-widget-container\">\n\t\t\t\t\t<h3 class=\"elementor-heading-title elementor-size-default\">Sale of Products<\/h3>\t\t\t\t<\/div>\n\t\t\t\t<\/div>\n\t\t\t\t<div class=\"elementor-element elementor-element-1fb21b6 elementor-widget elementor-widget-text-editor\" data-id=\"1fb21b6\" data-element_type=\"widget\" data-e-type=\"widget\" data-widget_type=\"text-editor.default\">\n\t\t\t\t<div class=\"elementor-widget-container\">\n\t\t\t\t\t\t\t\t\t<p>Agriculture still remains the most important of human activities. It gives man the resources he needs to survive. Any type of innovation that improves its management and saves time is therefore essential.<\/p><p>Robotiques Agri-Innovation offers an extensive range of equipment designed to optimize farm operations. We sell all makes of new and used products throughout North America, Europe, Africa, and Asia. Our products include all types of conveyors and mixers, troughs, and silos, as well as tippers, pumps, straw choppers, bedding choppers, and Robotec\u00a0 (ROB-G210) feeding robots for cows, calves, chickens, pigs, and goats.<\/p>\t\t\t\t\t\t\t\t<\/div>\n\t\t\t\t<\/div>\n\t\t\t\t<div class=\"elementor-element elementor-element-8d9b30a elementor-align-left elementor-widget elementor-widget-button\" data-id=\"8d9b30a\" data-element_type=\"widget\" data-e-type=\"widget\" data-widget_type=\"button.default\">\n\t\t\t\t<div class=\"elementor-widget-container\">\n\t\t\t\t\t\t\t\t\t<div class=\"elementor-button-wrapper\">\n\t\t\t\t\t<a class=\"elementor-button elementor-button-link elementor-size-sm\" href=\"https:\/\/catalog.coburn.com\/publication\/?m=30958&#038;i=690448&#038;p=1&#038;ver=html5\" target=\"_blank\">\n\t\t\t\t\t\t<span class=\"elementor-button-content-wrapper\">\n\t\t\t\t\t\t\t\t\t<span class=\"elementor-button-text\">See our Coburn catalog<\/span>\n\t\t\t\t\t<\/span>\n\t\t\t\t\t<\/a>\n\t\t\t\t<\/div>\n\t\t\t\t\t\t\t\t<\/div>\n\t\t\t\t<\/div>\n\t\t\t\t<div class=\"elementor-element elementor-element-5d0918c elementor-align-left elementor-widget elementor-widget-button\" data-id=\"5d0918c\" data-element_type=\"widget\" data-e-type=\"widget\" data-widget_type=\"button.default\">\n\t\t\t\t<div class=\"elementor-widget-container\">\n\t\t\t\t\t\t\t\t\t<div class=\"elementor-button-wrapper\">\n\t\t\t\t\t<a class=\"elementor-button elementor-button-link elementor-size-sm\" href=\"https:\/\/www.robotiquesagri-innovation.com\/wp-content\/uploads\/2021\/08\/SMB-2016-FarmSupply-catalogue-1.pdf\" target=\"_blank\">\n\t\t\t\t\t\t<span class=\"elementor-button-content-wrapper\">\n\t\t\t\t\t\t\t\t\t<span class=\"elementor-button-text\">See our SMB catalog (PDF 31 Mb)<\/span>\n\t\t\t\t\t<\/span>\n\t\t\t\t\t<\/a>\n\t\t\t\t<\/div>\n\t\t\t\t\t\t\t\t<\/div>\n\t\t\t\t<\/div>\n\t\t\t\t\t<\/div>\n\t\t<\/div>\n\t\t\t\t<div class=\"elementor-column elementor-col-50 elementor-top-column elementor-element elementor-element-02ef0f2\" data-id=\"02ef0f2\" data-element_type=\"column\" data-e-type=\"column\" data-settings=\"{&quot;background_background&quot;:&quot;classic&quot;}\">\n\t\t\t<div class=\"elementor-widget-wrap elementor-element-populated\">\n\t\t\t\t\t\t<div class=\"elementor-element elementor-element-238f615 elementor-widget elementor-widget-image\" data-id=\"238f615\" data-element_type=\"widget\" data-e-type=\"widget\" data-widget_type=\"image.default\">\n\t\t\t\t<div class=\"elementor-widget-container\">\n\t\t\t\t\t\t\t\t\t\t\t\t\t\t\t<img fetchpriority=\"high\" decoding=\"async\" width=\"1024\" height=\"768\" src=\"https:\/\/www.robotiquesagri-innovation.com\/wp-content\/uploads\/2022\/02\/robotiques_2-1024x768.jpg\" class=\"attachment-large size-large wp-image-5465\" alt=\"\" srcset=\"https:\/\/www.robotiquesagri-innovation.com\/wp-content\/uploads\/2022\/02\/robotiques_2-1024x768.jpg 1024w, https:\/\/www.robotiquesagri-innovation.com\/wp-content\/uploads\/2022\/02\/robotiques_2-300x225.jpg 300w, https:\/\/www.robotiquesagri-innovation.com\/wp-content\/uploads\/2022\/02\/robotiques_2-768x576.jpg 768w, https:\/\/www.robotiquesagri-innovation.com\/wp-content\/uploads\/2022\/02\/robotiques_2-600x450.jpg 600w, https:\/\/www.robotiquesagri-innovation.com\/wp-content\/uploads\/2022\/02\/robotiques_2.jpg 1140w\" sizes=\"(max-width: 1024px) 100vw, 1024px\" \/>\t\t\t\t\t\t\t\t\t\t\t\t\t\t\t<\/div>\n\t\t\t\t<\/div>\n\t\t\t\t\t<\/div>\n\t\t<\/div>\n\t\t\t\t\t<\/div>\n\t\t<\/section>\n\t\t\t\t<\/div>\n\t\t","protected":false},"excerpt":{"rendered":"<p>Services In addition to the sale of these CSA certified products, our qualified staff handles the installation, maintenance, and repair of feeding robots, milking robots, transportation robots, and cleaning robots for robotic farms in Quebec and Ontario. The value of agriculture is not open to debate &#8230; neither is that of our expertise! Sale of [&hellip;]<\/p>\n","protected":false},"author":1,"featured_media":0,"parent":0,"menu_order":0,"comment_status":"closed","ping_status":"closed","template":"","meta":{"_acf_changed":false,"site-sidebar-layout":"no-sidebar","site-content-layout":"page-builder","ast-site-content-layout":"default","site-content-style":"default","site-sidebar-style":"default","ast-global-header-display":"","ast-banner-title-visibility":"","ast-main-header-display":"","ast-hfb-above-header-display":"","ast-hfb-below-header-display":"","ast-hfb-mobile-header-display":"","site-post-title":"disabled","ast-breadcrumbs-content":"","ast-featured-img":"disabled","footer-sml-layout":"","ast-disable-related-posts":"","theme-transparent-header-meta":"default","adv-header-id-meta":"","stick-header-meta":"","header-above-stick-meta":"","header-main-stick-meta":"","header-below-stick-meta":"","astra-migrate-meta-layouts":"default","ast-page-background-enabled":"default","ast-page-background-meta":{"desktop":{"background-color":"","background-image":"","background-repeat":"repeat","background-position":"center center","background-size":"auto","background-attachment":"scroll","background-type":"","background-media":"","overlay-type":"","overlay-color":"","overlay-opacity":"","overlay-gradient":""},"tablet":{"background-color":"","background-image":"","background-repeat":"repeat","background-position":"center center","background-size":"auto","background-attachment":"scroll","background-type":"","background-media":"","overlay-type":"","overlay-color":"","overlay-opacity":"","overlay-gradient":""},"mobile":{"background-color":"","background-image":"","background-repeat":"repeat","background-position":"center center","background-size":"auto","background-attachment":"scroll","background-type":"","background-media":"","overlay-type":"","overlay-color":"","overlay-opacity":"","overlay-gradient":""}},"ast-content-background-meta":{"desktop":{"background-color":"var(--ast-global-color-5)","background-image":"","background-repeat":"repeat","background-position":"center center","background-size":"auto","background-attachment":"scroll","background-type":"","background-media":"","overlay-type":"","overlay-color":"","overlay-opacity":"","overlay-gradient":""},"tablet":{"background-color":"var(--ast-global-color-5)","background-image":"","background-repeat":"repeat","background-position":"center center","background-size":"auto","background-attachment":"scroll","background-type":"","background-media":"","overlay-type":"","overlay-color":"","overlay-opacity":"","overlay-gradient":""},"mobile":{"background-color":"var(--ast-global-color-5)","background-image":"","background-repeat":"repeat","background-position":"center center","background-size":"auto","background-attachment":"scroll","background-type":"","background-media":"","overlay-type":"","overlay-color":"","overlay-opacity":"","overlay-gradient":""}},"footnotes":""},"class_list":["post-5585","page","type-page","status-publish","hentry"],"acf":[],"yoast_head":"<!-- This site is optimized with the Yoast SEO plugin v27.5 - https:\/\/yoast.com\/product\/yoast-seo-wordpress\/ -->\n<title>Our services - Robotiques Agri-Innovation<\/title>\n<meta name=\"description\" content=\"Services In addition to the sale of these CSA certified products, our qualified staff handles the installation, maintenance, and repair of feeding robots,\" \/>\n<meta name=\"robots\" content=\"index, follow, max-snippet:-1, max-image-preview:large, max-video-preview:-1\" \/>\n<link rel=\"canonical\" href=\"https:\/\/www.robotiquesagri-innovation.com\/en\/our-services\/\" \/>\n<meta property=\"og:locale\" content=\"en_US\" \/>\n<meta property=\"og:type\" content=\"article\" \/>\n<meta property=\"og:title\" content=\"Our services - Robotiques Agri-Innovation\" \/>\n<meta property=\"og:description\" content=\"Services In addition to the sale of these CSA certified products, our qualified staff handles the installation, maintenance, and repair of feeding robots,\" \/>\n<meta property=\"og:url\" content=\"https:\/\/www.robotiquesagri-innovation.com\/en\/our-services\/\" \/>\n<meta property=\"og:site_name\" content=\"Robotiques Agri-Innovation\" \/>\n<meta property=\"article:modified_time\" content=\"2022-02-25T20:07:16+00:00\" \/>\n<meta property=\"og:image\" content=\"https:\/\/www.robotiquesagri-innovation.com\/wp-content\/uploads\/2022\/02\/robotiques_2-1024x768.jpg\" \/>\n<meta name=\"twitter:card\" content=\"summary_large_image\" \/>\n<meta name=\"twitter:label1\" content=\"Est. reading time\" \/>\n\t<meta name=\"twitter:data1\" content=\"1 minute\" \/>\n<script type=\"application\/ld+json\" class=\"yoast-schema-graph\">{\"@context\":\"https:\\\/\\\/schema.org\",\"@graph\":[{\"@type\":\"WebPage\",\"@id\":\"https:\\\/\\\/www.robotiquesagri-innovation.com\\\/en\\\/our-services\\\/\",\"url\":\"https:\\\/\\\/www.robotiquesagri-innovation.com\\\/en\\\/our-services\\\/\",\"name\":\"Our services - Robotiques Agri-Innovation\",\"isPartOf\":{\"@id\":\"https:\\\/\\\/www.robotiquesagri-innovation.com\\\/en\\\/#website\"},\"primaryImageOfPage\":{\"@id\":\"https:\\\/\\\/www.robotiquesagri-innovation.com\\\/en\\\/our-services\\\/#primaryimage\"},\"image\":{\"@id\":\"https:\\\/\\\/www.robotiquesagri-innovation.com\\\/en\\\/our-services\\\/#primaryimage\"},\"thumbnailUrl\":\"https:\\\/\\\/www.robotiquesagri-innovation.com\\\/wp-content\\\/uploads\\\/2022\\\/02\\\/robotiques_2-1024x768.jpg\",\"datePublished\":\"2022-02-03T20:11:59+00:00\",\"dateModified\":\"2022-02-25T20:07:16+00:00\",\"description\":\"Services In addition to the sale of these CSA certified products, our qualified staff handles the installation, maintenance, and repair of feeding robots,\",\"breadcrumb\":{\"@id\":\"https:\\\/\\\/www.robotiquesagri-innovation.com\\\/en\\\/our-services\\\/#breadcrumb\"},\"inLanguage\":\"en-US\",\"potentialAction\":[{\"@type\":\"ReadAction\",\"target\":[\"https:\\\/\\\/www.robotiquesagri-innovation.com\\\/en\\\/our-services\\\/\"]}]},{\"@type\":\"ImageObject\",\"inLanguage\":\"en-US\",\"@id\":\"https:\\\/\\\/www.robotiquesagri-innovation.com\\\/en\\\/our-services\\\/#primaryimage\",\"url\":\"https:\\\/\\\/www.robotiquesagri-innovation.com\\\/wp-content\\\/uploads\\\/2022\\\/02\\\/robotiques_2-1024x768.jpg\",\"contentUrl\":\"https:\\\/\\\/www.robotiquesagri-innovation.com\\\/wp-content\\\/uploads\\\/2022\\\/02\\\/robotiques_2-1024x768.jpg\"},{\"@type\":\"BreadcrumbList\",\"@id\":\"https:\\\/\\\/www.robotiquesagri-innovation.com\\\/en\\\/our-services\\\/#breadcrumb\",\"itemListElement\":[{\"@type\":\"ListItem\",\"position\":1,\"name\":\"Accueil\",\"item\":\"https:\\\/\\\/www.robotiquesagri-innovation.com\\\/en\\\/\"},{\"@type\":\"ListItem\",\"position\":2,\"name\":\"Our services\"}]},{\"@type\":\"WebSite\",\"@id\":\"https:\\\/\\\/www.robotiquesagri-innovation.com\\\/en\\\/#website\",\"url\":\"https:\\\/\\\/www.robotiquesagri-innovation.com\\\/en\\\/\",\"name\":\"Robotiques Agri-Innovation\",\"description\":\"Vente, entretien et r\u00e9paration d&#039;\u00e9quipement de ferme robotis\u00e9\",\"publisher\":{\"@id\":\"https:\\\/\\\/www.robotiquesagri-innovation.com\\\/en\\\/#organization\"},\"potentialAction\":[{\"@type\":\"SearchAction\",\"target\":{\"@type\":\"EntryPoint\",\"urlTemplate\":\"https:\\\/\\\/www.robotiquesagri-innovation.com\\\/en\\\/?s={search_term_string}\"},\"query-input\":{\"@type\":\"PropertyValueSpecification\",\"valueRequired\":true,\"valueName\":\"search_term_string\"}}],\"inLanguage\":\"en-US\"},{\"@type\":\"Organization\",\"@id\":\"https:\\\/\\\/www.robotiquesagri-innovation.com\\\/en\\\/#organization\",\"name\":\"Robotiques Agri-Innovation\",\"url\":\"https:\\\/\\\/www.robotiquesagri-innovation.com\\\/en\\\/\",\"logo\":{\"@type\":\"ImageObject\",\"inLanguage\":\"en-US\",\"@id\":\"https:\\\/\\\/www.robotiquesagri-innovation.com\\\/en\\\/#\\\/schema\\\/logo\\\/image\\\/\",\"url\":\"https:\\\/\\\/www.robotiquesagri-innovation.com\\\/wp-content\\\/uploads\\\/2022\\\/02\\\/robotiques_Logo.png\",\"contentUrl\":\"https:\\\/\\\/www.robotiquesagri-innovation.com\\\/wp-content\\\/uploads\\\/2022\\\/02\\\/robotiques_Logo.png\",\"width\":1443,\"height\":1608,\"caption\":\"Robotiques Agri-Innovation\"},\"image\":{\"@id\":\"https:\\\/\\\/www.robotiquesagri-innovation.com\\\/en\\\/#\\\/schema\\\/logo\\\/image\\\/\"}}]}<\/script>\n<!-- \/ Yoast SEO plugin. -->","yoast_head_json":{"title":"Our services - Robotiques Agri-Innovation","description":"Services In addition to the sale of these CSA certified products, our qualified staff handles the installation, maintenance, and repair of feeding robots,","robots":{"index":"index","follow":"follow","max-snippet":"max-snippet:-1","max-image-preview":"max-image-preview:large","max-video-preview":"max-video-preview:-1"},"canonical":"https:\/\/www.robotiquesagri-innovation.com\/en\/our-services\/","og_locale":"en_US","og_type":"article","og_title":"Our services - Robotiques Agri-Innovation","og_description":"Services In addition to the sale of these CSA certified products, our qualified staff handles the installation, maintenance, and repair of feeding robots,","og_url":"https:\/\/www.robotiquesagri-innovation.com\/en\/our-services\/","og_site_name":"Robotiques Agri-Innovation","article_modified_time":"2022-02-25T20:07:16+00:00","og_image":[{"url":"https:\/\/www.robotiquesagri-innovation.com\/wp-content\/uploads\/2022\/02\/robotiques_2-1024x768.jpg","type":"","width":"","height":""}],"twitter_card":"summary_large_image","twitter_misc":{"Est. reading time":"1 minute"},"schema":{"@context":"https:\/\/schema.org","@graph":[{"@type":"WebPage","@id":"https:\/\/www.robotiquesagri-innovation.com\/en\/our-services\/","url":"https:\/\/www.robotiquesagri-innovation.com\/en\/our-services\/","name":"Our services - Robotiques Agri-Innovation","isPartOf":{"@id":"https:\/\/www.robotiquesagri-innovation.com\/en\/#website"},"primaryImageOfPage":{"@id":"https:\/\/www.robotiquesagri-innovation.com\/en\/our-services\/#primaryimage"},"image":{"@id":"https:\/\/www.robotiquesagri-innovation.com\/en\/our-services\/#primaryimage"},"thumbnailUrl":"https:\/\/www.robotiquesagri-innovation.com\/wp-content\/uploads\/2022\/02\/robotiques_2-1024x768.jpg","datePublished":"2022-02-03T20:11:59+00:00","dateModified":"2022-02-25T20:07:16+00:00","description":"Services In addition to the sale of these CSA certified products, our qualified staff handles the installation, maintenance, and repair of feeding robots,","breadcrumb":{"@id":"https:\/\/www.robotiquesagri-innovation.com\/en\/our-services\/#breadcrumb"},"inLanguage":"en-US","potentialAction":[{"@type":"ReadAction","target":["https:\/\/www.robotiquesagri-innovation.com\/en\/our-services\/"]}]},{"@type":"ImageObject","inLanguage":"en-US","@id":"https:\/\/www.robotiquesagri-innovation.com\/en\/our-services\/#primaryimage","url":"https:\/\/www.robotiquesagri-innovation.com\/wp-content\/uploads\/2022\/02\/robotiques_2-1024x768.jpg","contentUrl":"https:\/\/www.robotiquesagri-innovation.com\/wp-content\/uploads\/2022\/02\/robotiques_2-1024x768.jpg"},{"@type":"BreadcrumbList","@id":"https:\/\/www.robotiquesagri-innovation.com\/en\/our-services\/#breadcrumb","itemListElement":[{"@type":"ListItem","position":1,"name":"Accueil","item":"https:\/\/www.robotiquesagri-innovation.com\/en\/"},{"@type":"ListItem","position":2,"name":"Our services"}]},{"@type":"WebSite","@id":"https:\/\/www.robotiquesagri-innovation.com\/en\/#website","url":"https:\/\/www.robotiquesagri-innovation.com\/en\/","name":"Robotiques Agri-Innovation","description":"Vente, entretien et r\u00e9paration d&#039;\u00e9quipement de ferme robotis\u00e9","publisher":{"@id":"https:\/\/www.robotiquesagri-innovation.com\/en\/#organization"},"potentialAction":[{"@type":"SearchAction","target":{"@type":"EntryPoint","urlTemplate":"https:\/\/www.robotiquesagri-innovation.com\/en\/?s={search_term_string}"},"query-input":{"@type":"PropertyValueSpecification","valueRequired":true,"valueName":"search_term_string"}}],"inLanguage":"en-US"},{"@type":"Organization","@id":"https:\/\/www.robotiquesagri-innovation.com\/en\/#organization","name":"Robotiques Agri-Innovation","url":"https:\/\/www.robotiquesagri-innovation.com\/en\/","logo":{"@type":"ImageObject","inLanguage":"en-US","@id":"https:\/\/www.robotiquesagri-innovation.com\/en\/#\/schema\/logo\/image\/","url":"https:\/\/www.robotiquesagri-innovation.com\/wp-content\/uploads\/2022\/02\/robotiques_Logo.png","contentUrl":"https:\/\/www.robotiquesagri-innovation.com\/wp-content\/uploads\/2022\/02\/robotiques_Logo.png","width":1443,"height":1608,"caption":"Robotiques Agri-Innovation"},"image":{"@id":"https:\/\/www.robotiquesagri-innovation.com\/en\/#\/schema\/logo\/image\/"}}]}},"_links":{"self":[{"href":"https:\/\/www.robotiquesagri-innovation.com\/en\/wp-json\/wp\/v2\/pages\/5585","targetHints":{"allow":["GET"]}}],"collection":[{"href":"https:\/\/www.robotiquesagri-innovation.com\/en\/wp-json\/wp\/v2\/pages"}],"about":[{"href":"https:\/\/www.robotiquesagri-innovation.com\/en\/wp-json\/wp\/v2\/types\/page"}],"author":[{"embeddable":true,"href":"https:\/\/www.robotiquesagri-innovation.com\/en\/wp-json\/wp\/v2\/users\/1"}],"replies":[{"embeddable":true,"href":"https:\/\/www.robotiquesagri-innovation.com\/en\/wp-json\/wp\/v2\/comments?post=5585"}],"version-history":[{"count":0,"href":"https:\/\/www.robotiquesagri-innovation.com\/en\/wp-json\/wp\/v2\/pages\/5585\/revisions"}],"wp:attachment":[{"href":"https:\/\/www.robotiquesagri-innovation.com\/en\/wp-json\/wp\/v2\/media?parent=5585"}],"curies":[{"name":"wp","href":"https:\/\/api.w.org\/{rel}","templated":true}]}}